{"id":408,"date":"2024-09-03T15:57:43","date_gmt":"2024-09-03T13:57:43","guid":{"rendered":"https:\/\/mcp-data-solutions.fr\/?page_id=408"},"modified":"2024-09-10T10:12:42","modified_gmt":"2024-09-10T08:12:42","slug":"la-societe","status":"publish","type":"page","link":"https:\/\/mcp-data-solutions.fr\/index.php\/la-societe\/","title":{"rendered":"La soci\u00e9t\u00e9"},"content":{"rendered":"\n<div class=\"wp-block-group is-layout-constrained wp-block-group-is-layout-constrained\">\n<h2 class=\"wp-block-heading\">Qui sommes nous ?<\/h2>\n\n\n\n<p class=\"has-white-color has-text-color has-link-color wp-elements-8b1eb68160715b9ee8d98bcb285a41b9\">Fond\u00e9e en 2024 dans la r\u00e9gion lyonnaise par deux associ\u00e9s cumulant plus de 17 ann\u00e9es d&#8217;exp\u00e9rience dans le num\u00e9rique, MCP Data Solutions est sp\u00e9cialis\u00e9e dans l&#8217;accompagnement des entreprises et des administrations dans leurs projets data. Experte en manipulation de donn\u00e9es g\u00e9ographiques et en d\u00e9veloppement informatique, la soci\u00e9t\u00e9 propose des solutions innovantes et coh\u00e9rentes avec vos besoins.<\/p>\n<\/div>\n\n\n\n<div class=\"wp-block-group is-layout-constrained wp-block-group-is-layout-constrained\" style=\"margin-bottom:0\">\n<h2 class=\"wp-block-heading\">Les fondateurs<\/h2>\n\n\n\n<div class=\"wp-block-columns are-vertically-aligned-top is-layout-flex wp-container-core-columns-is-layout-28f84493 wp-block-columns-is-layout-flex\">\n<div class=\"wp-block-column is-vertically-aligned-top is-layout-flow wp-block-column-is-layout-flow\">\n<div class=\"wp-block-group is-vertical is-content-justification-center is-layout-flex wp-container-core-group-is-layout-fa38c63a wp-block-group-is-layout-flex\">\n<figure class=\"wp-block-image size-full is-resized\"><img loading=\"lazy\" decoding=\"async\" width=\"2392\" height=\"2393\" src=\"https:\/\/mcp-data-solutions.fr\/wp-content\/uploads\/2024\/09\/photo_adri.png\" alt=\"\" class=\"wp-image-686\" style=\"width:auto;height:300px\" srcset=\"https:\/\/mcp-data-solutions.fr\/wp-content\/uploads\/2024\/09\/photo_adri.png 2392w, https:\/\/mcp-data-solutions.fr\/wp-content\/uploads\/2024\/09\/photo_adri-300x300.png 300w, https:\/\/mcp-data-solutions.fr\/wp-content\/uploads\/2024\/09\/photo_adri-1024x1024.png 1024w, https:\/\/mcp-data-solutions.fr\/wp-content\/uploads\/2024\/09\/photo_adri-150x150.png 150w, https:\/\/mcp-data-solutions.fr\/wp-content\/uploads\/2024\/09\/photo_adri-768x768.png 768w, https:\/\/mcp-data-solutions.fr\/wp-content\/uploads\/2024\/09\/photo_adri-1536x1536.png 1536w, https:\/\/mcp-data-solutions.fr\/wp-content\/uploads\/2024\/09\/photo_adri-2048x2048.png 2048w\" sizes=\"auto, (max-width: 2392px) 100vw, 2392px\" \/><\/figure>\n\n\n\n<p class=\"has-text-align-center has-white-color has-text-color has-link-color wp-elements-56b18a9a878acfd850710c2cf5516204\"><strong>Adrien MELEY<\/strong><\/p>\n\n\n\n<p class=\"has-white-color has-text-color has-link-color wp-elements-46deb0e4ffbd9cfa1021c29ff96d9ed6\">Directeur G\u00e9n\u00e9ral<\/p>\n\n\n\n<p class=\"has-text-align-left has-white-color has-text-color has-link-color wp-elements-3c51acf2e747f3fe2edfcd457edd14c0\">Sp\u00e9cialis\u00e9 dans la cr\u00e9ation de pipelines de donn\u00e9es et la mise en place de process d\u2019automatisation des t\u00e2ches. 13 ann\u00e9es d\u2019exp\u00e9rience dans la gestion d\u2019\u00e9quipe en tant que chef de projets num\u00e9riques dont les huit derni\u00e8res au sein de l\u2019Arm\u00e9e de l\u2019Air et de l\u2019Espace.<\/p>\n<\/div>\n<\/div>\n\n\n\n<div class=\"wp-block-column is-vertically-aligned-top is-layout-flow wp-block-column-is-layout-flow\">\n<div class=\"wp-block-group is-vertical is-content-justification-center is-layout-flex wp-container-core-group-is-layout-f9a93ed8 wp-block-group-is-layout-flex\">\n<figure class=\"wp-block-image size-full is-resized\"><img loading=\"lazy\" decoding=\"async\" width=\"1223\" height=\"1223\" src=\"https:\/\/mcp-data-solutions.fr\/wp-content\/uploads\/2024\/08\/bastien2.png\" alt=\"\" class=\"wp-image-156\" style=\"width:auto;height:300px\" srcset=\"https:\/\/mcp-data-solutions.fr\/wp-content\/uploads\/2024\/08\/bastien2.png 1223w, https:\/\/mcp-data-solutions.fr\/wp-content\/uploads\/2024\/08\/bastien2-300x300.png 300w, https:\/\/mcp-data-solutions.fr\/wp-content\/uploads\/2024\/08\/bastien2-1024x1024.png 1024w, https:\/\/mcp-data-solutions.fr\/wp-content\/uploads\/2024\/08\/bastien2-150x150.png 150w, https:\/\/mcp-data-solutions.fr\/wp-content\/uploads\/2024\/08\/bastien2-768x768.png 768w\" sizes=\"auto, (max-width: 1223px) 100vw, 1223px\" \/><\/figure>\n\n\n\n<p class=\"has-text-align-center has-white-color has-text-color has-link-color wp-elements-8c9696b06d6d678ecd00add52aad002a\"><strong>Bastien CAHIER<\/strong><\/p>\n\n\n\n<p class=\"has-white-color has-text-color has-link-color wp-elements-0ac4b8de0a51c40195f2df19acb78017\">Directeur Technique<\/p>\n\n\n\n<p class=\"has-text-align-left has-white-color has-text-color has-link-color wp-elements-4e761dd7bfd1bc6008179e953910d82d\">Expert dans le traitement et la gestion des bases de donn\u00e9es g\u00e9or\u00e9f\u00e9renc\u00e9es. D\u00e9veloppeur full stack et int\u00e9grateur de solutions de visualisation et d\u2019analyse de donn\u00e9es. A pass\u00e9 les quatre derni\u00e8res ann\u00e9es en tant qu\u2019officier dans l\u2019Arm\u00e9e de l\u2019Air et de l\u2019Espace.<\/p>\n<\/div>\n<\/div>\n<\/div>\n\n\n\n<div class=\"wp-block-group alignfull has-background is-layout-flow wp-block-group-is-layout-flow\" style=\"border-radius:50px;background:linear-gradient(135deg,rgb(252,185,0) 0%,rgb(255,89,114) 100%);margin-top:var(--wp--preset--spacing--80);margin-bottom:var(--wp--preset--spacing--80);padding-top:var(--wp--preset--spacing--60);padding-bottom:var(--wp--preset--spacing--60)\">\n<blockquote class=\"wp-block-quote is-style-plain has-white-color has-text-color has-link-color has-x-large-font-size wp-elements-5023068655c69426b7cc6f4ca18fce7b is-layout-flow wp-block-quote-is-layout-flow\" style=\"padding-top:var(--wp--preset--spacing--40);padding-right:0;padding-bottom:var(--wp--preset--spacing--40);padding-left:0\">\n<p class=\"has-ast-global-color-5-color has-text-color has-link-color has-medium-font-size wp-elements-7a3ff9d89fa58311499e27e7232287a8\">&#8220;<em>Apr\u00e8s avoir men\u00e9 \u00e0 bien notre mission de transformation num\u00e9rique au sein de l&#8217;Arm\u00e9e de l&#8217;Air et de l&#8217;Espace, nous avons cr\u00e9\u00e9 notre entreprise afin d&#8217;aider les soci\u00e9t\u00e9s et les administrations \u00e0 concr\u00e9tiser leurs projets data. Nous sommes convaincus des enjeux strat\u00e9giques de la donn\u00e9e et de l&#8217;impact positif de l&#8217;utilisation de son plein potentiel<\/em>.&#8221;<\/p>\n<\/blockquote>\n<\/div>\n\n\n\n<div class=\"wp-block-columns alignfull is-layout-flex wp-container-core-columns-is-layout-28f84493 wp-block-columns-is-layout-flex\">\n<div class=\"wp-block-column is-layout-flow wp-block-column-is-layout-flow\" style=\"flex-basis:66.66%\">\n<p class=\"has-white-color has-text-color has-link-color wp-elements-4ab3f410726a32563826e675b609a143\">Chez MCP Data Solutions, nous pla\u00e7ons notre r\u00e9flexion des produits et services que nous proposons au c\u0153ur du cycle de la donn\u00e9e. <\/p>\n<\/div>\n\n\n\n<div class=\"wp-block-column is-layout-flow wp-block-column-is-layout-flow\" style=\"flex-basis:33.33%\">\n<div class=\"wp-block-buttons is-content-justification-right is-layout-flex wp-container-core-buttons-is-layout-d445cf74 wp-block-buttons-is-layout-flex\">\n<div class=\"wp-block-button\"><a class=\"wp-block-button__link wp-element-button\" href=\"https:\/\/mcp-data-solutions.fr\/index.php\/le-cycle-de-la-donnee-ladn-de-mcp\/\">En savoir plus&#8230;<\/a><\/div>\n<\/div>\n<\/div>\n<\/div>\n<\/div>\n\n\n\n<div class=\"wp-block-group is-layout-constrained wp-block-group-is-layout-constrained\" style=\"margin-top:0;padding-top:var(--wp--preset--spacing--30)\">\n<h2 class=\"wp-block-heading\">Nos valeurs<\/h2>\n\n\n\n<div class=\"wp-block-columns is-layout-flex wp-container-core-columns-is-layout-28f84493 wp-block-columns-is-layout-flex\">\n<div class=\"wp-block-column is-vertically-aligned-center is-layout-flow wp-block-column-is-layout-flow\">\n<div class=\"wp-block-group is-vertical is-layout-flex wp-container-core-group-is-layout-fe9cc265 wp-block-group-is-layout-flex\">\n<figure class=\"wp-block-image size-large\"><img decoding=\"async\" src=\"https:\/\/mcp-data-solutions.fr\/wp-content\/themes\/astra\/inc\/assets\/images\/starter-content\/passionate.svg\" alt=\"\"\/><\/figure>\n\n\n\n<h3 class=\"wp-block-heading\">Passionn\u00e9s<\/h3>\n\n\n\n<p class=\"has-white-color has-text-color has-link-color wp-elements-dc018c6f77e35c6313e087ce7cb34e35\">Notre \u00e9quipe est constitu\u00e9e de passionn\u00e9s du monde de la donn\u00e9e, du d\u00e9veloppement informatique et de la cyber-s\u00e9curit\u00e9. La recherche de solutions adapt\u00e9es et innovantes est source de motivation chez nous.<\/p>\n<\/div>\n<\/div>\n\n\n\n<div class=\"wp-block-column is-layout-flow wp-block-column-is-layout-flow\">\n<div class=\"wp-block-group is-vertical is-layout-flex wp-container-core-group-is-layout-fe9cc265 wp-block-group-is-layout-flex\">\n<figure class=\"wp-block-image size-large\"><img decoding=\"async\" src=\"https:\/\/mcp-data-solutions.fr\/wp-content\/themes\/astra\/inc\/assets\/images\/starter-content\/professional.svg\" alt=\"\"\/><\/figure>\n\n\n\n<h3 class=\"wp-block-heading\">Professionnels<\/h3>\n\n\n\n<p class=\"has-white-color has-text-color has-link-color wp-elements-e145cebc2e15856e462a386fb17d6031\">Chaque client est important, notre \u00e9quipe met toute son \u00e9nergie et ses comp\u00e9tences pour r\u00e9pondre aux exigences qui lui sont soumises.<\/p>\n<\/div>\n<\/div>\n\n\n\n<div class=\"wp-block-column is-layout-flow wp-block-column-is-layout-flow\">\n<div class=\"wp-block-group is-vertical is-layout-flex wp-container-core-group-is-layout-fe9cc265 wp-block-group-is-layout-flex\">\n<figure class=\"wp-block-image size-large\"><img decoding=\"async\" src=\"https:\/\/mcp-data-solutions.fr\/wp-content\/themes\/astra\/inc\/assets\/images\/starter-content\/support.svg\" alt=\"\"\/><\/figure>\n\n\n\n<h3 class=\"wp-block-heading\">Support<\/h3>\n\n\n\n<p class=\"has-white-color has-text-color has-link-color wp-elements-67de3025d1b87bf4adcc6e1244ac4932\">Nous avons pleinement conscience de ce que signifie contrainte op\u00e9rationnelle et mettons tout en \u0153uvre pour assurer un soutien rapide et efficace.<\/p>\n<\/div>\n<\/div>\n<\/div>\n<\/div>\n","protected":false},"excerpt":{"rendered":"<p>Qui sommes nous ? Fond\u00e9e en 2024 dans la r\u00e9gion lyonnaise par deux associ\u00e9s cumulant plus de 17 ann\u00e9es d&#8217;exp\u00e9rience [&hellip;]<\/p>\n","protected":false},"author":2,"featured_media":0,"parent":0,"menu_order":0,"comment_status":"closed","ping_status":"closed","template":"","meta":{"site-sidebar-layout":"default","site-content-layout":"","ast-site-content-layout":"","site-content-style":"default","site-sidebar-style":"default","ast-global-header-display":"","ast-banner-title-visibility":"","ast-main-header-display":"","ast-hfb-above-header-display":"","ast-hfb-below-header-display":"","ast-hfb-mobile-header-display":"","site-post-title":"","ast-breadcrumbs-content":"","ast-featured-img":"","footer-sml-layout":"","theme-transparent-header-meta":"","adv-header-id-meta":"","stick-header-meta":"","header-above-stick-meta":"","header-main-stick-meta":"","header-below-stick-meta":"","astra-migrate-meta-layouts":"default","ast-page-background-enabled":"default","ast-page-background-meta":{"desktop":{"background-color":"var(--ast-global-color-4)","background-image":"","background-repeat":"repeat","background-position":"center center","background-size":"auto","background-attachment":"scroll","background-type":"","background-media":"","overlay-type":"","overlay-color":"","overlay-gradient":""},"tablet":{"background-color":"","background-image":"","background-repeat":"repeat","background-position":"center center","background-size":"auto","background-attachment":"scroll","background-type":"","background-media":"","overlay-type":"","overlay-color":"","overlay-gradient":""},"mobile":{"background-color":"","background-image":"","background-repeat":"repeat","background-position":"center center","background-size":"auto","background-attachment":"scroll","background-type":"","background-media":"","overlay-type":"","overlay-color":"","overlay-gradient":""}},"ast-content-background-meta":{"desktop":{"background-color":"var(--ast-global-color-5)","background-image":"","background-repeat":"repeat","background-position":"center center","background-size":"auto","background-attachment":"scroll","background-type":"","background-media":"","overlay-type":"","overlay-color":"","overlay-gradient":""},"tablet":{"background-color":"var(--ast-global-color-5)","background-image":"","background-repeat":"repeat","background-position":"center center","background-size":"auto","background-attachment":"scroll","background-type":"","background-media":"","overlay-type":"","overlay-color":"","overlay-gradient":""},"mobile":{"background-color":"var(--ast-global-color-5)","background-image":"","background-repeat":"repeat","background-position":"center center","background-size":"auto","background-attachment":"scroll","background-type":"","background-media":"","overlay-type":"","overlay-color":"","overlay-gradient":""}},"footnotes":""},"class_list":["post-408","page","type-page","status-publish","hentry"],"_links":{"self":[{"href":"https:\/\/mcp-data-solutions.fr\/index.php\/wp-json\/wp\/v2\/pages\/408","targetHints":{"allow":["GET"]}}],"collection":[{"href":"https:\/\/mcp-data-solutions.fr\/index.php\/wp-json\/wp\/v2\/pages"}],"about":[{"href":"https:\/\/mcp-data-solutions.fr\/index.php\/wp-json\/wp\/v2\/types\/page"}],"author":[{"embeddable":true,"href":"https:\/\/mcp-data-solutions.fr\/index.php\/wp-json\/wp\/v2\/users\/2"}],"replies":[{"embeddable":true,"href":"https:\/\/mcp-data-solutions.fr\/index.php\/wp-json\/wp\/v2\/comments?post=408"}],"version-history":[{"count":22,"href":"https:\/\/mcp-data-solutions.fr\/index.php\/wp-json\/wp\/v2\/pages\/408\/revisions"}],"predecessor-version":[{"id":695,"href":"https:\/\/mcp-data-solutions.fr\/index.php\/wp-json\/wp\/v2\/pages\/408\/revisions\/695"}],"wp:attachment":[{"href":"https:\/\/mcp-data-solutions.fr\/index.php\/wp-json\/wp\/v2\/media?parent=408"}],"curies":[{"name":"wp","href":"https:\/\/api.w.org\/{rel}","templated":true}]}}