{"id":270,"date":"2024-09-02T13:39:00","date_gmt":"2024-09-02T11:39:00","guid":{"rendered":"https:\/\/mcp-data-solutions.fr\/?page_id=270"},"modified":"2024-09-06T15:17:21","modified_gmt":"2024-09-06T13:17:21","slug":"le-cycle-de-la-donnee-ladn-de-mcp","status":"publish","type":"page","link":"https:\/\/mcp-data-solutions.fr\/index.php\/le-cycle-de-la-donnee-ladn-de-mcp\/","title":{"rendered":"Le cycle de la donn\u00e9e"},"content":{"rendered":"\n<div class=\"wp-block-group alignfull has-background is-layout-flow wp-block-group-is-layout-flow\" style=\"border-radius:50px;background:linear-gradient(135deg,rgb(252,185,0) 0%,rgb(255,89,114) 100%);margin-top:0;margin-bottom:0;padding-top:var(--wp--preset--spacing--60);padding-bottom:var(--wp--preset--spacing--60)\">\n<h2 class=\"wp-block-heading alignfull has-white-color has-text-color has-background has-link-color has-x-large-font-size wp-elements-931ea3b038f0c088f8a90e05bd7f8035\" style=\"background-color:#b0421e00;padding-top:var(--wp--preset--spacing--40);padding-right:0;padding-bottom:var(--wp--preset--spacing--40);padding-left:0\">Le cycle de la donn\u00e9e, l&#8217;ADN de MCP Data Solutions<\/h2>\n\n\n\n<p class=\"has-text-align-left has-white-color has-text-color has-link-color wp-elements-2c67409a41e826f57687d00fcb88d97a\">Chez MCP Data Solutions, nous avons b\u00e2ti notre expertise et notre r\u00e9flexion autour du cycle de la donn\u00e9e. Celui-ci se compose de sept points qui sont autant de leviers que nous vous aiderons \u00e0 activer dans le cadre de votre transformation num\u00e9rique. Construire votre projet data sur la base de ces piliers est la cl\u00e9 vers des performances dop\u00e9es et un pilotage facilit\u00e9 de votre organisation.<\/p>\n<\/div>\n\n\n\n<div class=\"wp-block-group is-content-justification-center is-nowrap is-layout-flex wp-container-core-group-is-layout-23441af8 wp-block-group-is-layout-flex\">\n<figure class=\"wp-block-image size-large is-resized\"><img loading=\"lazy\" decoding=\"async\" width=\"1024\" height=\"913\" src=\"https:\/\/mcp-data-solutions.fr\/wp-content\/uploads\/2024\/09\/cycle_donnees-1024x913.png\" alt=\"\" class=\"wp-image-275\" style=\"width:450px\" srcset=\"https:\/\/mcp-data-solutions.fr\/wp-content\/uploads\/2024\/09\/cycle_donnees-1024x913.png 1024w, https:\/\/mcp-data-solutions.fr\/wp-content\/uploads\/2024\/09\/cycle_donnees-300x267.png 300w, https:\/\/mcp-data-solutions.fr\/wp-content\/uploads\/2024\/09\/cycle_donnees-768x685.png 768w, https:\/\/mcp-data-solutions.fr\/wp-content\/uploads\/2024\/09\/cycle_donnees-1536x1369.png 1536w, https:\/\/mcp-data-solutions.fr\/wp-content\/uploads\/2024\/09\/cycle_donnees-2048x1826.png 2048w\" sizes=\"auto, (max-width: 1024px) 100vw, 1024px\" \/><\/figure>\n\n\n\n<figure class=\"wp-block-image size-full is-resized\"><img loading=\"lazy\" decoding=\"async\" width=\"432\" height=\"432\" src=\"https:\/\/mcp-data-solutions.fr\/wp-content\/uploads\/2024\/09\/fleche.gif\" alt=\"\" class=\"wp-image-556\" style=\"width:275px;height:auto\"\/><\/figure>\n<\/div>\n\n\n\n<div class=\"wp-block-group alignfull is-layout-constrained wp-block-group-is-layout-constrained\">\n<div class=\"wp-block-columns alignfull is-not-stacked-on-mobile is-layout-flex wp-container-core-columns-is-layout-28f84493 wp-block-columns-is-layout-flex\">\n<div class=\"wp-block-column is-vertically-aligned-center is-layout-flow wp-block-column-is-layout-flow\" style=\"flex-basis:66.66%\">\n<h3 class=\"wp-block-heading has-text-align-right has-large-font-size\">Saisie manuelle des donn\u00e9es<\/h3>\n\n\n\n<p class=\"has-text-align-right has-white-color has-text-color has-link-color wp-elements-1087e82a2df83d341da7a4a398cf0661\"><em>Mise en place de formulaires standardis\u00e9s d&#8217;int\u00e9gration de donn\u00e9es<\/em><\/p>\n\n\n\n<hr class=\"wp-block-separator has-text-color has-pale-pink-color has-alpha-channel-opacity has-pale-pink-background-color has-background\"\/>\n\n\n\n<h2 class=\"wp-block-heading has-text-align-right has-large-font-size\">R\u00e9cup\u00e9ration de donn\u00e9es depuis diff\u00e9rents supports et formats<\/h2>\n\n\n\n<p class=\"has-text-align-right has-white-color has-text-color has-link-color wp-elements-c6e5a839f9fb0b8825d74454f1b46413\"><em>Automatisation de la r\u00e9cup\u00e9ration et de l&#8217;import de fichiers<\/em><\/p>\n\n\n\n<hr class=\"wp-block-separator has-text-color has-pale-pink-color has-alpha-channel-opacity has-pale-pink-background-color has-background\"\/>\n\n\n\n<h2 class=\"wp-block-heading has-text-align-right has-large-font-size\">Acquisition de donn\u00e9es cr\u00e9\u00e9es par des tiers<\/h2>\n\n\n\n<p class=\"has-text-align-right has-white-color has-text-color has-link-color wp-elements-c600a95df84bb800c934b771b43e584f\"><em>Abonnement \u00e0 des services tiers pour alimenter les bases de donn\u00e9es<\/em><\/p>\n<\/div>\n\n\n\n<div class=\"wp-block-column is-vertically-aligned-center is-layout-flow wp-block-column-is-layout-flow\" style=\"flex-basis:33.33%\">\n<figure class=\"wp-block-image size-full is-resized\"><img loading=\"lazy\" decoding=\"async\" width=\"436\" height=\"838\" src=\"https:\/\/mcp-data-solutions.fr\/wp-content\/uploads\/2024\/09\/collecter.png\" alt=\"\" class=\"wp-image-277\" style=\"width:auto;height:550px\" srcset=\"https:\/\/mcp-data-solutions.fr\/wp-content\/uploads\/2024\/09\/collecter.png 436w, https:\/\/mcp-data-solutions.fr\/wp-content\/uploads\/2024\/09\/collecter-156x300.png 156w\" sizes=\"auto, (max-width: 436px) 100vw, 436px\" \/><\/figure>\n<\/div>\n<\/div>\n<\/div>\n\n\n\n<div class=\"wp-block-group alignfull is-layout-constrained wp-block-group-is-layout-constrained\">\n<div class=\"wp-block-columns alignfull are-vertically-aligned-center is-not-stacked-on-mobile is-layout-flex wp-container-core-columns-is-layout-28f84493 wp-block-columns-is-layout-flex\">\n<div class=\"wp-block-column is-vertically-aligned-center is-layout-flow wp-block-column-is-layout-flow\" style=\"flex-basis:33.33%\">\n<figure class=\"wp-block-image alignright size-full is-resized\"><img loading=\"lazy\" decoding=\"async\" width=\"490\" height=\"844\" src=\"https:\/\/mcp-data-solutions.fr\/wp-content\/uploads\/2024\/09\/traitement.png\" alt=\"\" class=\"wp-image-283\" style=\"width:auto;height:550px\" srcset=\"https:\/\/mcp-data-solutions.fr\/wp-content\/uploads\/2024\/09\/traitement.png 490w, https:\/\/mcp-data-solutions.fr\/wp-content\/uploads\/2024\/09\/traitement-174x300.png 174w\" sizes=\"auto, (max-width: 490px) 100vw, 490px\" \/><\/figure>\n<\/div>\n\n\n\n<div class=\"wp-block-column is-vertically-aligned-center is-layout-flow wp-block-column-is-layout-flow\" style=\"flex-basis:66.66%\">\n<h2 class=\"wp-block-heading has-text-align-left has-large-font-size\">Mise en coh\u00e9rence des formats<\/h2>\n\n\n\n<p class=\"has-text-align-left has-ast-global-color-6-color has-text-color has-link-color wp-elements-1d6622cabd60410c9a726885e032fdfe\"><em>Standardisation des dates, mots, unit\u00e9s&#8230; pour rendre possible l&#8217;exploitation, la recherche et la r\u00e9utilisation des donn\u00e9es.<\/em><\/p>\n\n\n\n<hr class=\"wp-block-separator has-text-color has-pale-pink-color has-alpha-channel-opacity has-pale-pink-background-color has-background\"\/>\n\n\n\n<h2 class=\"wp-block-heading has-text-align-left has-large-font-size\">\u200bHarmonisation des nomenclatures gr\u00e2ce \u00e0 des r\u00e9f\u00e9rentiels<\/h2>\n\n\n\n<p class=\"has-text-align-left has-white-color has-text-color has-link-color wp-elements-9d9b2b54d27cea4d524067146ccaf29f\"><em>Utilisations de librairies communes \u00e0 l&#8217;ensemble de votre structure pour plus de coh\u00e9rence.<\/em><\/p>\n\n\n\n<hr class=\"wp-block-separator has-text-color has-pale-pink-color has-alpha-channel-opacity has-pale-pink-background-color has-background\"\/>\n\n\n\n<h2 class=\"wp-block-heading has-text-align-left has-large-font-size\">Conversion vers des formats standards<\/h2>\n\n\n\n<p class=\"has-text-align-left has-white-color has-text-color has-link-color wp-elements-a797a523da705b9d3ed63466a429d57b\"><em>Lecture de fichiers aux formats &#8220;exotiques&#8221; pour une int\u00e9gration simplifi\u00e9e.<\/em><\/p>\n<\/div>\n<\/div>\n<\/div>\n\n\n\n<div class=\"wp-block-group alignfull is-layout-constrained wp-block-group-is-layout-constrained\">\n<div class=\"wp-block-columns alignfull is-not-stacked-on-mobile is-layout-flex wp-container-core-columns-is-layout-28f84493 wp-block-columns-is-layout-flex\">\n<div class=\"wp-block-column is-vertically-aligned-center is-layout-flow wp-block-column-is-layout-flow\" style=\"flex-basis:66.66%\">\n<h2 class=\"wp-block-heading has-text-align-right has-large-font-size\">Base de donn\u00e9es<\/h2>\n\n\n\n<p class=\"has-text-align-right has-white-color has-text-color has-link-color wp-elements-1c5b664109e6effea4b4a3c3939c6b4f\">Stockage dans une base de donn\u00e9es robuste, coh\u00e9rente et adapt\u00e9e \u00e0 vos besoins<\/p>\n\n\n\n<hr class=\"wp-block-separator has-text-color has-pale-pink-color has-alpha-channel-opacity has-pale-pink-background-color has-background\"\/>\n\n\n\n<div class=\"wp-block-columns are-vertically-aligned-center is-layout-flex wp-container-core-columns-is-layout-9c22b1e3 wp-block-columns-is-layout-flex\">\n<div class=\"wp-block-column is-vertically-aligned-center is-layout-flow wp-block-column-is-layout-flow\">\n<h2 class=\"wp-block-heading has-text-align-center has-large-font-size\">Serveur<\/h2>\n\n\n\n<p class=\"has-text-align-center has-white-color has-text-color has-link-color wp-elements-9fb79d091a36d5876972551f41c6ed8c\">H\u00e9berg\u00e9 dans votre structure : n\u00e9cessit\u00e9 de disposer de ressources en interne pour sa gestion<\/p>\n<\/div>\n\n\n\n<div class=\"wp-block-column is-vertically-aligned-center is-layout-flow wp-block-column-is-layout-flow\">\n<h2 class=\"wp-block-heading has-text-align-center has-large-font-size\">ou<\/h2>\n<\/div>\n\n\n\n<div class=\"wp-block-column is-vertically-aligned-center is-layout-flow wp-block-column-is-layout-flow\">\n<h2 class=\"wp-block-heading has-text-align-center has-large-font-size\">Cloud<\/h2>\n\n\n\n<p class=\"has-text-align-center has-white-color has-text-color has-link-color wp-elements-9347a1b432fee1cd0a859698670fb10c\">H\u00e9berg\u00e9 sur nos serveurs : T\u00e9l\u00e9 activit\u00e9 facilit\u00e9e, mise \u00e0 jour plus r\u00e9guli\u00e8re et soutien de MCP plus rapide<\/p>\n<\/div>\n<\/div>\n<\/div>\n\n\n\n<div class=\"wp-block-column is-layout-flow wp-block-column-is-layout-flow\" style=\"flex-basis:33.33%\">\n<figure class=\"wp-block-image size-full is-resized\"><img loading=\"lazy\" decoding=\"async\" width=\"419\" height=\"838\" src=\"https:\/\/mcp-data-solutions.fr\/wp-content\/uploads\/2024\/09\/stockage.png\" alt=\"\" class=\"wp-image-282\" style=\"width:auto;height:550px\" srcset=\"https:\/\/mcp-data-solutions.fr\/wp-content\/uploads\/2024\/09\/stockage.png 419w, https:\/\/mcp-data-solutions.fr\/wp-content\/uploads\/2024\/09\/stockage-150x300.png 150w\" sizes=\"auto, (max-width: 419px) 100vw, 419px\" \/><\/figure>\n<\/div>\n<\/div>\n<\/div>\n\n\n\n<div class=\"wp-block-group alignfull is-layout-constrained wp-block-group-is-layout-constrained\">\n<div class=\"wp-block-columns alignfull is-not-stacked-on-mobile is-layout-flex wp-container-core-columns-is-layout-28f84493 wp-block-columns-is-layout-flex\">\n<div class=\"wp-block-column is-vertically-aligned-center is-layout-flow wp-block-column-is-layout-flow\" style=\"flex-basis:33.33%\">\n<figure class=\"wp-block-image alignright size-full is-resized\"><img loading=\"lazy\" decoding=\"async\" width=\"468\" height=\"844\" src=\"https:\/\/mcp-data-solutions.fr\/wp-content\/uploads\/2024\/09\/analyse.png\" alt=\"\" class=\"wp-image-279\" style=\"width:auto;height:550px\" srcset=\"https:\/\/mcp-data-solutions.fr\/wp-content\/uploads\/2024\/09\/analyse.png 468w, https:\/\/mcp-data-solutions.fr\/wp-content\/uploads\/2024\/09\/analyse-166x300.png 166w\" sizes=\"auto, (max-width: 468px) 100vw, 468px\" \/><\/figure>\n<\/div>\n\n\n\n<div class=\"wp-block-column is-vertically-aligned-center is-layout-flow wp-block-column-is-layout-flow\" style=\"flex-basis:66.66%\">\n<h2 class=\"wp-block-heading has-large-font-size\">Croisement et enrichissement des donn\u00e9es<\/h2>\n\n\n\n<p class=\"has-white-color has-text-color has-link-color wp-elements-ed43310fb7267a08f4d99d92379f10cf\">Fusionner des jeux de donn\u00e9es de nature et de source diverses<\/p>\n\n\n\n<hr class=\"wp-block-separator has-text-color has-pale-pink-color has-alpha-channel-opacity has-pale-pink-background-color has-background\"\/>\n\n\n\n<h2 class=\"wp-block-heading has-large-font-size\">Cr\u00e9ation de supports d&#8217;analyses et de rapports<\/h2>\n\n\n\n<p class=\"has-white-color has-text-color has-link-color wp-elements-fdb3e79be8eeee3319511768323f6993\">Simplifier, automatiser et standardiser la cr\u00e9ation de documents<\/p>\n\n\n\n<hr class=\"wp-block-separator has-text-color has-pale-pink-color has-alpha-channel-opacity has-pale-pink-background-color has-background\"\/>\n\n\n\n<h2 class=\"wp-block-heading has-large-font-size\">Pipeline de donn\u00e9es pour une meilleure gouvernance<\/h2>\n\n\n\n<p class=\"has-white-color has-text-color has-link-color wp-elements-9674584797319d3dd8e6fa7d83309efd\">S\u00e9parer et identifier clairement les \u00e9tapes de traitement et d&#8217;analyse<\/p>\n<\/div>\n<\/div>\n<\/div>\n\n\n\n<div class=\"wp-block-group alignfull is-layout-constrained wp-block-group-is-layout-constrained\">\n<div class=\"wp-block-columns alignfull is-not-stacked-on-mobile is-layout-flex wp-container-core-columns-is-layout-28f84493 wp-block-columns-is-layout-flex\">\n<div class=\"wp-block-column is-vertically-aligned-center is-layout-flow wp-block-column-is-layout-flow\" style=\"flex-basis:66.66%\">\n<h2 class=\"wp-block-heading has-text-align-right has-large-font-size\">Appliquer une strat\u00e9gie g\u00e9n\u00e9rale de gouvernance de la donn\u00e9e<\/h2>\n\n\n\n<p class=\"has-text-align-right has-white-color has-text-color has-link-color wp-elements-8466bc9bebec50196afeff3e23442060\">D\u00e9finir des politiques d&#8217;acc\u00e8s et de droit en fonction des collaborateurs<\/p>\n\n\n\n<hr class=\"wp-block-separator has-text-color has-pale-pink-color has-alpha-channel-opacity has-pale-pink-background-color has-background\"\/>\n\n\n\n<h2 class=\"wp-block-heading has-text-align-right has-large-font-size\">Faciliter la diffusion des donn\u00e9es<\/h2>\n\n\n\n<p class=\"has-text-align-right has-white-color has-text-color has-link-color wp-elements-79e694acbe97cbf114df87c60ce9263b\">Faire de vos donn\u00e9es un soutien dans vos strat\u00e9gies de communication et de d\u00e9veloppement<\/p>\n\n\n\n<hr class=\"wp-block-separator has-text-color has-pale-pink-color has-alpha-channel-opacity has-pale-pink-background-color has-background\"\/>\n\n\n\n<h2 class=\"wp-block-heading has-text-align-right has-large-font-size\">Faire na\u00eetre une culture de la donn\u00e9e<\/h2>\n\n\n\n<p class=\"has-text-align-right has-white-color has-text-color has-link-color wp-elements-e562249c5a9cd666f05a7f8377e62d97\">Vous permettre de devenir acteur dans l&#8217;exploitation de vos donn\u00e9es et sensibiliser vos \u00e9quipes \u00e0 l&#8217;int\u00e9r\u00eat de celles-ci<\/p>\n<\/div>\n\n\n\n<div class=\"wp-block-column is-vertically-aligned-center is-layout-flow wp-block-column-is-layout-flow\" style=\"flex-basis:33.33%\">\n<figure class=\"wp-block-image size-full is-resized\"><img loading=\"lazy\" decoding=\"async\" width=\"437\" height=\"838\" src=\"https:\/\/mcp-data-solutions.fr\/wp-content\/uploads\/2024\/09\/acces.png\" alt=\"\" class=\"wp-image-278\" style=\"width:auto;height:550px\" srcset=\"https:\/\/mcp-data-solutions.fr\/wp-content\/uploads\/2024\/09\/acces.png 437w, https:\/\/mcp-data-solutions.fr\/wp-content\/uploads\/2024\/09\/acces-156x300.png 156w\" sizes=\"auto, (max-width: 437px) 100vw, 437px\" \/><\/figure>\n<\/div>\n<\/div>\n<\/div>\n\n\n\n<div class=\"wp-block-group alignfull is-layout-constrained wp-block-group-is-layout-constrained\">\n<div class=\"wp-block-columns alignfull is-not-stacked-on-mobile is-layout-flex wp-container-core-columns-is-layout-28f84493 wp-block-columns-is-layout-flex\">\n<div class=\"wp-block-column is-vertically-aligned-center is-layout-flow wp-block-column-is-layout-flow\" style=\"flex-basis:33.33%\">\n<figure class=\"wp-block-image alignright size-full is-resized\"><img loading=\"lazy\" decoding=\"async\" width=\"465\" height=\"844\" src=\"https:\/\/mcp-data-solutions.fr\/wp-content\/uploads\/2024\/09\/sauvegarde.png\" alt=\"\" class=\"wp-image-281\" style=\"width:auto;height:550px\" srcset=\"https:\/\/mcp-data-solutions.fr\/wp-content\/uploads\/2024\/09\/sauvegarde.png 465w, https:\/\/mcp-data-solutions.fr\/wp-content\/uploads\/2024\/09\/sauvegarde-165x300.png 165w\" sizes=\"auto, (max-width: 465px) 100vw, 465px\" \/><\/figure>\n<\/div>\n\n\n\n<div class=\"wp-block-column is-vertically-aligned-center is-layout-flow wp-block-column-is-layout-flow\" style=\"flex-basis:66.66%\">\n<h2 class=\"wp-block-heading has-large-font-size\">S\u00e9curisation de votre patrimoine data<\/h2>\n\n\n\n<p class=\"has-white-color has-text-color has-link-color wp-elements-545bc58509a493da5e6337a08fb9e9ce\">Mise en place d&#8217;une strat\u00e9gie de sauvegarde robuste et coh\u00e9rente avec vos besoins afin de vous pr\u00e9munir des risques d&#8217;attaques cyber<\/p>\n\n\n\n<hr class=\"wp-block-separator has-text-color has-pale-pink-color has-alpha-channel-opacity has-pale-pink-background-color has-background\"\/>\n\n\n\n<h2 class=\"wp-block-heading has-large-font-size\">D\u00e9finir une politique de r\u00e9tention et de suppression des donn\u00e9es<\/h2>\n\n\n\n<p class=\"has-white-color has-text-color has-link-color wp-elements-8038e84e9bba9b8f2c37f0725835fd61\">Garder un syst\u00e8me performant en \u00e9vitant les surcharges induites par des donn\u00e9es obsol\u00e8tes<\/p>\n<\/div>\n<\/div>\n<\/div>\n\n\n\n<div class=\"wp-block-group alignfull is-layout-constrained wp-block-group-is-layout-constrained\">\n<div class=\"wp-block-columns alignfull is-not-stacked-on-mobile is-layout-flex wp-container-core-columns-is-layout-28f84493 wp-block-columns-is-layout-flex\">\n<div class=\"wp-block-column is-vertically-aligned-center is-layout-flow wp-block-column-is-layout-flow\" style=\"flex-basis:66.66%\">\n<h2 class=\"wp-block-heading has-text-align-right has-large-font-size\">Faire vivre vos donn\u00e9es<\/h2>\n\n\n\n<p class=\"has-text-align-right has-white-color has-text-color has-link-color wp-elements-63d09f7651033dec7e426e24e273cf06\">Trouver d&#8217;autres cas d&#8217;usage aux donn\u00e9es et mettre \u00e0 profit votre capital data dans l&#8217;\u00e9laboration de nouveaux projets<\/p>\n\n\n\n<hr class=\"wp-block-separator has-text-color has-pale-pink-color has-alpha-channel-opacity has-pale-pink-background-color has-background\"\/>\n\n\n\n<h2 class=\"wp-block-heading has-text-align-right has-large-font-size\">Partager la donn\u00e9e en interne ou avec d&#8217;autres acteurs<\/h2>\n\n\n\n<p class=\"has-text-align-right has-white-color has-text-color has-link-color wp-elements-9a0b6d520a090778073727f790b60a36\">Utilisation de standards reconnus pour s&#8217;interconnecter \u00e0 d&#8217;autres syst\u00e8mes<\/p>\n<\/div>\n\n\n\n<div class=\"wp-block-column is-vertically-aligned-center is-layout-flow wp-block-column-is-layout-flow\" style=\"flex-basis:33.33%\">\n<figure class=\"wp-block-image size-full is-resized\"><img loading=\"lazy\" decoding=\"async\" width=\"435\" height=\"838\" src=\"https:\/\/mcp-data-solutions.fr\/wp-content\/uploads\/2024\/09\/reutilisation.png\" alt=\"\" class=\"wp-image-280\" style=\"width:auto;height:550px\" srcset=\"https:\/\/mcp-data-solutions.fr\/wp-content\/uploads\/2024\/09\/reutilisation.png 435w, https:\/\/mcp-data-solutions.fr\/wp-content\/uploads\/2024\/09\/reutilisation-156x300.png 156w\" sizes=\"auto, (max-width: 435px) 100vw, 435px\" \/><\/figure>\n<\/div>\n<\/div>\n<\/div>\n","protected":false},"excerpt":{"rendered":"<p>Le cycle de la donn\u00e9e, l&#8217;ADN de MCP Data Solutions Chez MCP Data Solutions, nous avons b\u00e2ti notre expertise et [&hellip;]<\/p>\n","protected":false},"author":2,"featured_media":0,"parent":0,"menu_order":0,"comment_status":"closed","ping_status":"closed","template":"","meta":{"site-sidebar-layout":"default","site-content-layout":"","ast-site-content-layout":"","site-content-style":"default","site-sidebar-style":"default","ast-global-header-display":"","ast-banner-title-visibility":"","ast-main-header-display":"","ast-hfb-above-header-display":"","ast-hfb-below-header-display":"","ast-hfb-mobile-header-display":"","site-post-title":"disabled","ast-breadcrumbs-content":"","ast-featured-img":"","footer-sml-layout":"","theme-transparent-header-meta":"","adv-header-id-meta":"","stick-header-meta":"","header-above-stick-meta":"","header-main-stick-meta":"","header-below-stick-meta":"","astra-migrate-meta-layouts":"default","ast-page-background-enabled":"default","ast-page-background-meta":{"desktop":{"background-color":"var(--ast-global-color-4)","background-image":"","background-repeat":"repeat","background-position":"center center","background-size":"auto","background-attachment":"scroll","background-type":"","background-media":"","overlay-type":"","overlay-color":"","overlay-gradient":""},"tablet":{"background-color":"","background-image":"","background-repeat":"repeat","background-position":"center center","background-size":"auto","background-attachment":"scroll","background-type":"","background-media":"","overlay-type":"","overlay-color":"","overlay-gradient":""},"mobile":{"background-color":"","background-image":"","background-repeat":"repeat","background-position":"center center","background-size":"auto","background-attachment":"scroll","background-type":"","background-media":"","overlay-type":"","overlay-color":"","overlay-gradient":""}},"ast-content-background-meta":{"desktop":{"background-color":"var(--ast-global-color-5)","background-image":"","background-repeat":"repeat","background-position":"center center","background-size":"auto","background-attachment":"scroll","background-type":"","background-media":"","overlay-type":"","overlay-color":"","overlay-gradient":""},"tablet":{"background-color":"var(--ast-global-color-5)","background-image":"","background-repeat":"repeat","background-position":"center center","background-size":"auto","background-attachment":"scroll","background-type":"","background-media":"","overlay-type":"","overlay-color":"","overlay-gradient":""},"mobile":{"background-color":"var(--ast-global-color-5)","background-image":"","background-repeat":"repeat","background-position":"center center","background-size":"auto","background-attachment":"scroll","background-type":"","background-media":"","overlay-type":"","overlay-color":"","overlay-gradient":""}},"footnotes":""},"class_list":["post-270","page","type-page","status-publish","hentry"],"_links":{"self":[{"href":"https:\/\/mcp-data-solutions.fr\/index.php\/wp-json\/wp\/v2\/pages\/270","targetHints":{"allow":["GET"]}}],"collection":[{"href":"https:\/\/mcp-data-solutions.fr\/index.php\/wp-json\/wp\/v2\/pages"}],"about":[{"href":"https:\/\/mcp-data-solutions.fr\/index.php\/wp-json\/wp\/v2\/types\/page"}],"author":[{"embeddable":true,"href":"https:\/\/mcp-data-solutions.fr\/index.php\/wp-json\/wp\/v2\/users\/2"}],"replies":[{"embeddable":true,"href":"https:\/\/mcp-data-solutions.fr\/index.php\/wp-json\/wp\/v2\/comments?post=270"}],"version-history":[{"count":28,"href":"https:\/\/mcp-data-solutions.fr\/index.php\/wp-json\/wp\/v2\/pages\/270\/revisions"}],"predecessor-version":[{"id":654,"href":"https:\/\/mcp-data-solutions.fr\/index.php\/wp-json\/wp\/v2\/pages\/270\/revisions\/654"}],"wp:attachment":[{"href":"https:\/\/mcp-data-solutions.fr\/index.php\/wp-json\/wp\/v2\/media?parent=270"}],"curies":[{"name":"wp","href":"https:\/\/api.w.org\/{rel}","templated":true}]}}